{"id":10572,"date":"2019-11-08T11:32:07","date_gmt":"2019-11-08T10:32:07","guid":{"rendered":"http:\/\/francesca-costanza.com\/?page_id=10572"},"modified":"2024-01-15T11:47:16","modified_gmt":"2024-01-15T10:47:16","slug":"ong","status":"publish","type":"page","link":"https:\/\/francesca-costanza.com\/ong\/","title":{"rendered":"ONG"},"content":{"rendered":"\t\t<div data-elementor-type=\"wp-post\" data-elementor-id=\"10572\" class=\"elementor elementor-10572\" data-elementor-settings=\"[]\">\n\t\t\t\t\t\t<div class=\"elementor-inner\">\n\t\t\t\t\t\t\t<div class=\"elementor-section-wrap\">\n\t\t\t\t\t\t\t<section class=\"elementor-section elementor-top-section elementor-element elementor-element-b6636e9 elementor-section-stretched elementor-section-boxed elementor-section-height-default elementor-section-height-default\" data-id=\"b6636e9\" data-element_type=\"section\" data-settings=\"{&quot;background_background&quot;:&quot;classic&quot;,&quot;stretch_section&quot;:&quot;section-stretched&quot;}\">\n\t\t\t\t\t\t<div class=\"elementor-container elementor-column-gap-default\">\n\t\t\t\t\t\t\t<div class=\"elementor-row\">\n\t\t\t\t\t<div class=\"elementor-column elementor-col-100 elementor-top-column elementor-element elementor-element-dfb2c6d\" data-id=\"dfb2c6d\" data-element_type=\"column\">\n\t\t\t<div class=\"elementor-column-wrap elementor-element-populated\">\n\t\t\t\t\t\t\t<div class=\"elementor-widget-wrap\">\n\t\t\t\t\t\t\t\t<\/div>\n\t\t\t\t\t<\/div>\n\t\t<\/div>\n\t\t\t\t\t\t\t\t<\/div>\n\t\t\t\t\t<\/div>\n\t\t<\/section>\n\t\t\t\t<section class=\"elementor-section elementor-top-section elementor-element elementor-element-56fc1da elementor-section-boxed elementor-section-height-default elementor-section-height-default\" data-id=\"56fc1da\" data-element_type=\"section\" data-settings=\"{&quot;background_background&quot;:&quot;classic&quot;}\">\n\t\t\t\t\t\t<div class=\"elementor-container elementor-column-gap-default\">\n\t\t\t\t\t\t\t<div class=\"elementor-row\">\n\t\t\t\t\t<div class=\"elementor-column elementor-col-50 elementor-top-column elementor-element elementor-element-41838b1\" data-id=\"41838b1\" data-element_type=\"column\">\n\t\t\t<div class=\"elementor-column-wrap elementor-element-populated\">\n\t\t\t\t\t\t\t<div class=\"elementor-widget-wrap\">\n\t\t\t\t\t\t<div class=\"elementor-element elementor-element-e62718e elementor-widget elementor-widget-image\" data-id=\"e62718e\" data-element_type=\"widget\" data-widget_type=\"image.default\">\n\t\t\t\t<div class=\"elementor-widget-container\">\n\t\t\t\t\t<div class=\"elementor-image\">\n\t\t\t\t\t\t\t\t\t\t<img width=\"573\" height=\"595\" src=\"https:\/\/francesca-costanza.com\/ong\/wp-content\/uploads\/sites\/5\/2019\/11\/ong-title.png\" class=\"attachment-full size-full\" alt=\"\" decoding=\"async\" loading=\"lazy\" srcset=\"https:\/\/francesca-costanza.com\/ong\/wp-content\/uploads\/sites\/5\/2019\/11\/ong-title.png 573w, https:\/\/francesca-costanza.com\/ong\/wp-content\/uploads\/sites\/5\/2019\/11\/ong-title-300x312.png 300w, https:\/\/francesca-costanza.com\/ong\/wp-content\/uploads\/sites\/5\/2019\/11\/ong-title-289x300.png 289w\" sizes=\"(max-width: 573px) 100vw, 573px\" \/>\t\t\t\t\t\t\t\t\t\t\t<\/div>\n\t\t\t\t<\/div>\n\t\t\t\t<\/div>\n\t\t\t\t\t\t<\/div>\n\t\t\t\t\t<\/div>\n\t\t<\/div>\n\t\t\t\t<div class=\"elementor-column elementor-col-50 elementor-top-column elementor-element elementor-element-c5715dc\" data-id=\"c5715dc\" data-element_type=\"column\">\n\t\t\t<div class=\"elementor-column-wrap elementor-element-populated\">\n\t\t\t\t\t\t\t<div class=\"elementor-widget-wrap\">\n\t\t\t\t\t\t<div class=\"elementor-element elementor-element-57e6996 elementor-widget elementor-widget-heading\" data-id=\"57e6996\" data-element_type=\"widget\" data-widget_type=\"heading.default\">\n\t\t\t\t<div class=\"elementor-widget-container\">\n\t\t\t<h4 class=\"elementor-heading-title elementor-size-default\">ONG \u00ab Souls Rights Protection \u00bb \n\n\n<\/h4>\t\t<\/div>\n\t\t\t\t<\/div>\n\t\t\t\t<div class=\"elementor-element elementor-element-a6acd69 elementor-widget elementor-widget-text-editor\" data-id=\"a6acd69\" data-element_type=\"widget\" data-widget_type=\"text-editor.default\">\n\t\t\t\t<div class=\"elementor-widget-container\">\n\t\t\t\t\t<div class=\"elementor-text-editor elementor-clearfix\"><p>L\u2019Organisation internationale pour la protection des droits de l\u2019\u00c2me et de la Conscience, est une association loi 1901 \u00e0 but non lucratif. Date de cr\u00e9ation: 17\/09\/2019.<\/p><p>Publication: 28\/09\/2019.<\/p><p>Num\u00e9ro au Registre National des Associations:\u00a0 RNA\u00a0<span style=\"letter-spacing: 0px;\">W133032923<\/span><\/p><p>Devenir membre de l&#8217;Ong c&#8217;est s&#8217;autoriser \u00e0 ne plus \u00eatre seul et croire qu'&#8221;ensemble&#8221; tout peut changer. Former un &#8220;Nous&#8221; respectueux de l&#8217;\u00catre bienveillant que nous sommes et oser agir concr\u00e8tement dans la soci\u00e9t\u00e9 en qualit\u00e9 d&#8217;humain en conscience.<\/p><p>C&#8217;est oser cr\u00e9er ensemble un collectif citoyen, comp\u00e9tent et agissant sur tous les plans de la cit\u00e9, gr\u00e2ce a cette conscience qui nous \u00e9l\u00e8vent au rang d&#8217;\u00eatre sens\u00e9 et qui nous rassemblent en &#8220;UN&#8221;, dans la bont\u00e9, la charit\u00e9 et la puissance de la justesse.<\/p><p>C&#8217;est permettre aux adh\u00e9rents une vie commune en Esprit et pour chaque niveau de besoins fondamentaux, une r\u00e9elle prise en charge \u00e9thique par le groupe que nous sommes.<\/p><p>La cotisation annuelle est de 20 Euros. Elle permet d&#8217;acc\u00e9der au groupe et ses privil\u00e8ges, d&#8217;interagir avec le groupe, de b\u00e9n\u00e9ficier de la protection de l&#8217;entit\u00e9 morale, et du forum. L&#8217;Ong propose.<\/p><ul class=\"why-choose-list-two\"><li>le partage des potentiels<\/li><li>les soins<\/li><li>l&#8217;accompagnement<\/li><li>la protection<\/li><li>la formation<\/li><li>l&#8217;innovation<\/li><li>l&#8217;engagement\u00a0<\/li><li>la force par l&#8217;union\u00a0<\/li><\/ul><\/div>\n\t\t\t\t<\/div>\n\t\t\t\t<\/div>\n\t\t\t\t\t\t<\/div>\n\t\t\t\t\t<\/div>\n\t\t<\/div>\n\t\t\t\t\t\t\t\t<\/div>\n\t\t\t\t\t<\/div>\n\t\t<\/section>\n\t\t\t\t<section class=\"elementor-section elementor-top-section elementor-element elementor-element-cdef2d5 elementor-section-boxed elementor-section-height-default elementor-section-height-default\" data-id=\"cdef2d5\" data-element_type=\"section\">\n\t\t\t\t\t\t<div class=\"elementor-container elementor-column-gap-default\">\n\t\t\t\t\t\t\t<div class=\"elementor-row\">\n\t\t\t\t\t<div class=\"elementor-column elementor-col-100 elementor-top-column elementor-element elementor-element-50bf962\" data-id=\"50bf962\" data-element_type=\"column\">\n\t\t\t<div class=\"elementor-column-wrap elementor-element-populated\">\n\t\t\t\t\t\t\t<div class=\"elementor-widget-wrap\">\n\t\t\t\t\t\t<section class=\"elementor-section elementor-inner-section elementor-element elementor-element-b83b15c elementor-section-boxed elementor-section-height-default elementor-section-height-default\" data-id=\"b83b15c\" data-element_type=\"section\">\n\t\t\t\t\t\t<div class=\"elementor-container elementor-column-gap-default\">\n\t\t\t\t\t\t\t<div class=\"elementor-row\">\n\t\t\t\t\t<div class=\"elementor-column elementor-col-33 elementor-inner-column elementor-element elementor-element-4d1cb27\" data-id=\"4d1cb27\" data-element_type=\"column\">\n\t\t\t<div class=\"elementor-column-wrap\">\n\t\t\t\t\t\t\t<div class=\"elementor-widget-wrap\">\n\t\t\t\t\t\t\t\t<\/div>\n\t\t\t\t\t<\/div>\n\t\t<\/div>\n\t\t\t\t<div class=\"elementor-column elementor-col-33 elementor-inner-column elementor-element elementor-element-293bf3b\" data-id=\"293bf3b\" data-element_type=\"column\">\n\t\t\t<div class=\"elementor-column-wrap elementor-element-populated\">\n\t\t\t\t\t\t\t<div class=\"elementor-widget-wrap\">\n\t\t\t\t\t\t<div class=\"elementor-element elementor-element-27ef868 elementor-widget elementor-widget-heading\" data-id=\"27ef868\" data-element_type=\"widget\" data-widget_type=\"heading.default\">\n\t\t\t\t<div class=\"elementor-widget-container\">\n\t\t\t<h4 class=\"elementor-heading-title elementor-size-default\">Les objectifs principaux de\n\u00ab Souls Rights Protection \u00bb\nsont donc, en r\u00e9sum\u00e9 :<\/h4>\t\t<\/div>\n\t\t\t\t<\/div>\n\t\t\t\t<div class=\"elementor-element elementor-element-284f0e4 elementor-widget elementor-widget-text-editor\" data-id=\"284f0e4\" data-element_type=\"widget\" data-widget_type=\"text-editor.default\">\n\t\t\t\t<div class=\"elementor-widget-container\">\n\t\t\t\t\t<div class=\"elementor-text-editor elementor-clearfix\"><ul class=\"why-choose-list-two\">\n<li>La mise en place d\u2019une entraide active et efficace dans tous les domaines de la vie de l\u2019adh\u00e9rent et b\u00e9n\u00e9ficiaire gr\u00e2ce au r\u00e9seau fraternel de particuliers ou professionnels comp\u00e9tents ayant adh\u00e9r\u00e9 aux valeurs de la charte de l\u2019ONG.<\/li>\n<li>La prise en charge charitable th\u00e9rapeutique, m\u00e9dicale et param\u00e9dicale de personnes n\u00e9cessitant des soins psychologiques et m\u00e9dicaux qu\u2019aucune structure actuelle ne serait en capacit\u00e9 de traiter du fait de la pr\u00e9carit\u00e9 de la personne, de la difficult\u00e9 de son handicap, de la singularit\u00e9 de l\u2019affection et des troubles, de la particularit\u00e9 des traumatismes, de son histoire de vie, de sa condition de r\u00e9fugi\u00e9, etc.<\/li>\n<li>La protection de l\u2019int\u00e9grit\u00e9 physique de toute personne fragilis\u00e9e par des \u00e9v\u00e8nements de vie traumatiques n\u00e9cessitant la mise en s\u00e9curit\u00e9 temporaire dans des lieux de vie de l\u2019ONG.<\/li>\n<li>La cr\u00e9ation de missions locales, nationales, et internationales de th\u00e9rapeutes, m\u00e9decins, personnels param\u00e9dicaux, b\u00e9n\u00e9voles pour la pr\u00e9servation et la promotion de l\u2019existence de l\u2019\u00c2me et de la Conscience, aux endroits o\u00f9 il y a eu ou pourrait y avoir des d\u00e9c\u00e8s massifs, lors d\u2019attentats, de catastrophes naturelles, humanitaires, de drames familiaux.<\/li>\n<li>L\u2019enseignement pour la reconversion et\/ou la r\u00e9insertion, la promotion et la pr\u00e9servation de tout savoir et\/ou m\u00e9thode favorisant la libert\u00e9, l\u2019\u00e9quilibre, la conscience, la sant\u00e9 et le bien-\u00eatre des personnes.<\/li>\n<li>La recherche scientifique, m\u00e9dicale, param\u00e9dicale, th\u00e9rapeutique, technologique, \u00e9conomique, \u00e9cologique, \u00e9ducative, spirituelle, philosophique et politique dont l\u2019objectif est l\u2019am\u00e9lioration de la prise en charge du vivant et de l\u2019\u00e9volution favorable du respect du vivant au sein de la soci\u00e9t\u00e9, par la structuration d\u2019\u00e9quipes nationales et internationales de professionnels comp\u00e9tents d\u00e9di\u00e9s \u00e0 la refonte des mod\u00e8les mondiaux actuels.<\/li>\n<li>La reconnaissance l\u00e9gale de l\u2019existence de la D\u00e9claration des droits de l\u2019\u00c2me et de la Conscience (DDAC) re\u00e7ue de l\u2019Intelligence Universelle par interm\u00e9diation de conscience.<\/li>\n<\/ul><\/div>\n\t\t\t\t<\/div>\n\t\t\t\t<\/div>\n\t\t\t\t\t\t<\/div>\n\t\t\t\t\t<\/div>\n\t\t<\/div>\n\t\t\t\t<div class=\"elementor-column elementor-col-33 elementor-inner-column elementor-element elementor-element-d9d4e3a\" data-id=\"d9d4e3a\" data-element_type=\"column\">\n\t\t\t<div class=\"elementor-column-wrap\">\n\t\t\t\t\t\t\t<div class=\"elementor-widget-wrap\">\n\t\t\t\t\t\t\t\t<\/div>\n\t\t\t\t\t<\/div>\n\t\t<\/div>\n\t\t\t\t\t\t\t\t<\/div>\n\t\t\t\t\t<\/div>\n\t\t<\/section>\n\t\t\t\t\t\t<\/div>\n\t\t\t\t\t<\/div>\n\t\t<\/div>\n\t\t\t\t\t\t\t\t<\/div>\n\t\t\t\t\t<\/div>\n\t\t<\/section>\n\t\t\t\t\t\t<\/div>\n\t\t\t\t\t\t<\/div>\n\t\t\t\t\t<\/div>\n\t\t","protected":false},"excerpt":{"rendered":"<p>ONG \u00ab Souls Rights Protection \u00bb L\u2019Organisation internationale pour la protection des droits de l\u2019\u00c2me et de la Conscience, est une association loi 1901 \u00e0 but non lucratif. Date de cr\u00e9ation: 17\/09\/2019. Publication: 28\/09\/2019. Num\u00e9ro au Registre National des Associations:\u00a0 RNA\u00a0W133032923 Devenir membre de l&#8217;Ong c&#8217;est s&#8217;autoriser \u00e0 ne plus \u00eatre seul et croire qu&#8217;&#8221;ensemble&#8221; [&hellip;]<\/p>\n","protected":false},"author":1,"featured_media":0,"parent":0,"menu_order":0,"comment_status":"closed","ping_status":"closed","template":"elementor_header_footer","meta":[],"_links":{"self":[{"href":"https:\/\/francesca-costanza.com\/ong\/wp-json\/wp\/v2\/pages\/10572"}],"collection":[{"href":"https:\/\/francesca-costanza.com\/ong\/wp-json\/wp\/v2\/pages"}],"about":[{"href":"https:\/\/francesca-costanza.com\/ong\/wp-json\/wp\/v2\/types\/page"}],"author":[{"embeddable":true,"href":"https:\/\/francesca-costanza.com\/ong\/wp-json\/wp\/v2\/users\/1"}],"replies":[{"embeddable":true,"href":"https:\/\/francesca-costanza.com\/ong\/wp-json\/wp\/v2\/comments?post=10572"}],"version-history":[{"count":31,"href":"https:\/\/francesca-costanza.com\/ong\/wp-json\/wp\/v2\/pages\/10572\/revisions"}],"predecessor-version":[{"id":11569,"href":"https:\/\/francesca-costanza.com\/ong\/wp-json\/wp\/v2\/pages\/10572\/revisions\/11569"}],"wp:attachment":[{"href":"https:\/\/francesca-costanza.com\/ong\/wp-json\/wp\/v2\/media?parent=10572"}],"curies":[{"name":"wp","href":"https:\/\/api.w.org\/{rel}","templated":true}]}}