{"id":10684,"date":"2019-11-19T17:16:08","date_gmt":"2019-11-19T16:16:08","guid":{"rendered":"https:\/\/francesca-costanza.com\/ong\/?page_id=10684"},"modified":"2019-12-22T14:44:13","modified_gmt":"2019-12-22T13:44:13","slug":"forum-2","status":"publish","type":"page","link":"https:\/\/francesca-costanza.com\/ong\/forum-2\/","title":{"rendered":"FORUMS"},"content":{"rendered":"\t\t<div data-elementor-type=\"wp-post\" data-elementor-id=\"10684\" class=\"elementor elementor-10684\" data-elementor-settings=\"[]\">\n\t\t\t\t\t\t<div class=\"elementor-inner\">\n\t\t\t\t\t\t\t<div class=\"elementor-section-wrap\">\n\t\t\t\t\t\t\t<section class=\"elementor-section elementor-top-section elementor-element elementor-element-b6636e9 elementor-section-stretched elementor-section-boxed elementor-section-height-default elementor-section-height-default\" data-id=\"b6636e9\" data-element_type=\"section\" data-settings=\"{&quot;background_background&quot;:&quot;classic&quot;,&quot;stretch_section&quot;:&quot;section-stretched&quot;}\">\n\t\t\t\t\t\t<div class=\"elementor-container elementor-column-gap-default\">\n\t\t\t\t\t\t\t<div class=\"elementor-row\">\n\t\t\t\t\t<div class=\"elementor-column elementor-col-100 elementor-top-column elementor-element elementor-element-dfb2c6d\" data-id=\"dfb2c6d\" data-element_type=\"column\">\n\t\t\t<div class=\"elementor-column-wrap elementor-element-populated\">\n\t\t\t\t\t\t\t<div class=\"elementor-widget-wrap\">\n\t\t\t\t\t\t\t\t<\/div>\n\t\t\t\t\t<\/div>\n\t\t<\/div>\n\t\t\t\t\t\t\t\t<\/div>\n\t\t\t\t\t<\/div>\n\t\t<\/section>\n\t\t\t\t<section class=\"elementor-section elementor-top-section elementor-element elementor-element-82ad05d elementor-section-boxed elementor-section-height-default elementor-section-height-default\" data-id=\"82ad05d\" data-element_type=\"section\">\n\t\t\t\t\t\t<div class=\"elementor-container elementor-column-gap-default\">\n\t\t\t\t\t\t\t<div class=\"elementor-row\">\n\t\t\t\t\t<div class=\"elementor-column elementor-col-100 elementor-top-column elementor-element elementor-element-e5d8e77\" data-id=\"e5d8e77\" data-element_type=\"column\">\n\t\t\t<div class=\"elementor-column-wrap elementor-element-populated\">\n\t\t\t\t\t\t\t<div class=\"elementor-widget-wrap\">\n\t\t\t\t\t\t<div class=\"elementor-element elementor-element-d36d43a elementor-widget elementor-widget-heading\" data-id=\"d36d43a\" data-element_type=\"widget\" data-widget_type=\"heading.default\">\n\t\t\t\t<div class=\"elementor-widget-container\">\n\t\t\t<h2 class=\"elementor-heading-title elementor-size-default\">FORUM<\/h2>\t\t<\/div>\n\t\t\t\t<\/div>\n\t\t\t\t\t\t<\/div>\n\t\t\t\t\t<\/div>\n\t\t<\/div>\n\t\t\t\t\t\t\t\t<\/div>\n\t\t\t\t\t<\/div>\n\t\t<\/section>\n\t\t\t\t<section class=\"elementor-section elementor-top-section elementor-element elementor-element-19ae167 elementor-section-boxed elementor-section-height-default elementor-section-height-default\" data-id=\"19ae167\" data-element_type=\"section\">\n\t\t\t\t\t\t<div class=\"elementor-container elementor-column-gap-default\">\n\t\t\t\t\t\t\t<div class=\"elementor-row\">\n\t\t\t\t\t<div class=\"elementor-column elementor-col-100 elementor-top-column elementor-element elementor-element-69f6da8\" data-id=\"69f6da8\" data-element_type=\"column\">\n\t\t\t<div class=\"elementor-column-wrap elementor-element-populated\">\n\t\t\t\t\t\t\t<div class=\"elementor-widget-wrap\">\n\t\t\t\t\t\t<div class=\"elementor-element elementor-element-0d371fd elementor-widget elementor-widget-html\" data-id=\"0d371fd\" data-element_type=\"widget\" data-widget_type=\"html.default\">\n\t\t\t\t<div class=\"elementor-widget-container\">\n\t\t\t<div id=\"af-wrapper\"><div id=\"forum-header\"><div id=\"forum-navigation-mobile\"><a><span class=\"fas fa-bars\"><\/span>Menu<\/a><\/div><span class=\"screen-reader-text\">Navigation du forum<\/span><div id=\"forum-navigation\"><a class=\"home-link\" href=\"https:\/\/francesca-costanza.com\/ong\/forum\" >Forum<\/a><a class=\"members-link\" href=\"https:\/\/francesca-costanza.com\/ong\/forum\/members\/\" >Membres<\/a><a class=\"activity-link\" href=\"https:\/\/francesca-costanza.com\/ong\/forum\/activity\/\" >Activit\u00e9<\/a><a class=\"login-link\" href=\"https:\/\/francesca-costanza.com\/ong\/wp-login.php?redirect_to=https%3A%2F%2Ffrancesca-costanza.com%2Fong%2Fwp-json%2Fwp%2Fv2%2Fpages%2F10684\" >Se connecter<\/a><a class=\"register-link\" href=\"https:\/\/francesca-costanza.com\/ong\/wp-login.php?action=register\" >S\u2019enregistrer<\/a><\/div><div id=\"forum-search\"><span class=\"search-icon fas fa-search\"><\/span><form method=\"get\" action=\"https:\/\/francesca-costanza.com\/ong\/forum\/search\/\"><input name=\"keywords\" type=\"search\" placeholder=\"Recherche\u2026\" value=\"\"><\/form><\/div><div class=\"clear\"><\/div><\/div><div id=\"forum-breadcrumbs\" itemscope itemtype=\"http:\/\/schema.org\/BreadcrumbList\"><span class=\"screen-reader-text\">Fil d\u2019Ariane du forum\u202f\u2013 Vous \u00eates ici\u202f:<\/span><span class=\"breadcrumb-icon fas fa-home\"><\/span><span itemprop=\"itemListElement\" itemscope itemtype=\"https:\/\/schema.org\/ListItem\"><a itemprop=\"item\" href=\"https:\/\/francesca-costanza.com\/ong\/forum\" title=\"Souls Rights Protection\"><span itemprop=\"name\">Souls Rights Protection<\/span><\/a><meta itemprop=\"position\" content=\"1\"><\/span><span class=\"breadcrumb-icon fas fa-chevron-right separator\"><\/span><\/div><h1 class=\"main-title main-title-\">Souls Rights Protection<\/h1><div class=\"title-element\" id=\"forum-category-64\">Cat\u00e9gorie<span class=\"last-post-headline\">Dernier message\u202f:<\/span><\/div><div class=\"content-container\"><div class=\"content-element forum\" id=\"forum-10\"><div class=\"forum-status unread\"><i class=\"fas fa-comments\"><\/i><\/div><div class=\"forum-name\"><a class=\"forum-title\" href=\"https:\/\/francesca-costanza.com\/ong\/forum\/forum\/partage-de-bonnes-nouvelles-sur-la-terre\/\">Partage de bonnes nouvelles sur la Terre<\/a><small class=\"forum-stats\">1 sujet&nbsp;&middot;&nbsp;1 message<\/small><small class=\"forum-lastpost-small\">Dernier article\u00a0:&nbsp;<a href=\"https:\/\/francesca-costanza.com\/ong\/forum\/topic\/nouveau-paradigme-et-reajustement-en-degre-de-laxe-terrestre\/#postid-3\">Nouveau paradigme et R\u00e9ajustement  &#8230;<\/a>&nbsp;&middot;&nbsp;<a href=\"https:\/\/francesca-costanza.com\/ong\/forum\/topic\/nouveau-paradigme-et-reajustement-en-degre-de-laxe-terrestre\/#postid-3\">il y a 1 an <\/a>&nbsp;&middot;&nbsp;<span class=\"highlight-admin\"><a class=\"profile-link\" href=\"https:\/\/francesca-costanza.com\/ong\/forum\/profile\/costanza-therapies\/\">costanza.therapies<\/a><\/span><\/small><\/div><div class=\"forum-poster\"><div class=\"forum-poster-summary\"><a href=\"https:\/\/francesca-costanza.com\/ong\/forum\/topic\/nouveau-paradigme-et-reajustement-en-degre-de-laxe-terrestre\/#postid-3\">Nouveau paradigme et R\u00e9aj &#8230;<\/a><br><small><a href=\"https:\/\/francesca-costanza.com\/ong\/forum\/topic\/nouveau-paradigme-et-reajustement-en-degre-de-laxe-terrestre\/#postid-3\">il y a 1 an <\/a><span>&nbsp;&middot;&nbsp;<\/span><span class=\"highlight-admin\"><a class=\"profile-link\" href=\"https:\/\/francesca-costanza.com\/ong\/forum\/profile\/costanza-therapies\/\">costanza.therapies<\/a><\/span><\/small><\/div><\/div><\/div><div class=\"content-element forum\" id=\"forum-19\"><div class=\"forum-status read\"><i class=\"fas fa-comments\"><\/i><\/div><div class=\"forum-name\"><a class=\"forum-title\" href=\"https:\/\/francesca-costanza.com\/ong\/forum\/forum\/emploi\/\">Emploi<\/a><small class=\"forum-stats\">0 sujet&nbsp;&middot;&nbsp;0 message<\/small><small class=\"forum-lastpost-small\"><small class=\"no-topics\">Aucun sujet pour le moment\u00a0!<\/small><\/small><\/div><div class=\"forum-poster\"><small class=\"no-topics\">Aucun sujet pour le moment\u00a0!<\/small><\/div><\/div><div class=\"content-element forum\" id=\"forum-18\"><div class=\"forum-status read\"><i class=\"fas fa-comments\"><\/i><\/div><div class=\"forum-name\"><a class=\"forum-title\" href=\"https:\/\/francesca-costanza.com\/ong\/forum\/forum\/signes-de-la-vie-et-temoignages\/\">Signes de la vie et t\u00e9moignages<\/a><small class=\"forum-stats\">0 sujet&nbsp;&middot;&nbsp;0 message<\/small><small class=\"forum-lastpost-small\"><small class=\"no-topics\">Aucun sujet pour le moment\u00a0!<\/small><\/small><\/div><div class=\"forum-poster\"><small class=\"no-topics\">Aucun sujet pour le moment\u00a0!<\/small><\/div><\/div><div class=\"content-element forum\" id=\"forum-17\"><div class=\"forum-status read\"><i class=\"fas fa-comments\"><\/i><\/div><div class=\"forum-name\"><a class=\"forum-title\" href=\"https:\/\/francesca-costanza.com\/ong\/forum\/forum\/espoir-et-encouragements\/\">Espoir et encouragements<\/a><small class=\"forum-stats\">0 sujet&nbsp;&middot;&nbsp;0 message<\/small><small class=\"forum-lastpost-small\"><small class=\"no-topics\">Aucun sujet pour le moment\u00a0!<\/small><\/small><\/div><div class=\"forum-poster\"><small class=\"no-topics\">Aucun sujet pour le moment\u00a0!<\/small><\/div><\/div><div class=\"content-element forum\" id=\"forum-16\"><div class=\"forum-status unread\"><i class=\"fas fa-comments\"><\/i><\/div><div class=\"forum-name\"><a class=\"forum-title\" href=\"https:\/\/francesca-costanza.com\/ong\/forum\/forum\/symptomes-dascension\/\">Sympt\u00f4mes d&#039;ascension<\/a><small class=\"forum-stats\">1 sujet&nbsp;&middot;&nbsp;2 messages<\/small><small class=\"forum-lastpost-small\">Dernier article\u00a0:&nbsp;<a href=\"https:\/\/francesca-costanza.com\/ong\/forum\/topic\/passage-du-12-decembre-2024\/#postid-2\">Passage du 12 D\u00e9cembre 2024<\/a>&nbsp;&middot;&nbsp;<a href=\"https:\/\/francesca-costanza.com\/ong\/forum\/topic\/passage-du-12-decembre-2024\/#postid-2\">il y a 1 an <\/a>&nbsp;&middot;&nbsp;<span class=\"highlight-admin\"><a class=\"profile-link\" href=\"https:\/\/francesca-costanza.com\/ong\/forum\/profile\/costanza-therapies\/\">costanza.therapies<\/a><\/span><\/small><\/div><div class=\"forum-poster\"><div class=\"forum-poster-summary\"><a href=\"https:\/\/francesca-costanza.com\/ong\/forum\/topic\/passage-du-12-decembre-2024\/#postid-2\">Passage du 12 D\u00e9cembre 20 &#8230;<\/a><br><small><a href=\"https:\/\/francesca-costanza.com\/ong\/forum\/topic\/passage-du-12-decembre-2024\/#postid-2\">il y a 1 an <\/a><span>&nbsp;&middot;&nbsp;<\/span><span class=\"highlight-admin\"><a class=\"profile-link\" href=\"https:\/\/francesca-costanza.com\/ong\/forum\/profile\/costanza-therapies\/\">costanza.therapies<\/a><\/span><\/small><\/div><\/div><\/div><div class=\"content-element forum\" id=\"forum-15\"><div class=\"forum-status read\"><i class=\"fas fa-comments\"><\/i><\/div><div class=\"forum-name\"><a class=\"forum-title\" href=\"https:\/\/francesca-costanza.com\/ong\/forum\/forum\/phenomenes-de-contact-et-temoignages\/\">Ph\u00e9nom\u00e8nes de &quot;contact&quot; et t\u00e9moignages<\/a><small class=\"forum-stats\">0 sujet&nbsp;&middot;&nbsp;0 message<\/small><small class=\"forum-lastpost-small\"><small class=\"no-topics\">Aucun sujet pour le moment\u00a0!<\/small><\/small><\/div><div class=\"forum-poster\"><small class=\"no-topics\">Aucun sujet pour le moment\u00a0!<\/small><\/div><\/div><div class=\"content-element forum\" id=\"forum-14\"><div class=\"forum-status read\"><i class=\"fas fa-comments\"><\/i><\/div><div class=\"forum-name\"><a class=\"forum-title\" href=\"https:\/\/francesca-costanza.com\/ong\/forum\/forum\/partage-de-connaissances-spirituelles\/\">Partage de connaissances spirituelles<\/a><small class=\"forum-stats\">0 sujet&nbsp;&middot;&nbsp;0 message<\/small><small class=\"forum-lastpost-small\"><small class=\"no-topics\">Aucun sujet pour le moment\u00a0!<\/small><\/small><\/div><div class=\"forum-poster\"><small class=\"no-topics\">Aucun sujet pour le moment\u00a0!<\/small><\/div><\/div><div class=\"content-element forum\" id=\"forum-13\"><div class=\"forum-status unread\"><i class=\"fas fa-comments\"><\/i><\/div><div class=\"forum-name\"><a class=\"forum-title\" href=\"https:\/\/francesca-costanza.com\/ong\/forum\/forum\/le-cycle-evolutif-et-notre-temps\/\">Le cycle \u00e9volutif et notre temps<\/a><small class=\"forum-stats\">1 sujet&nbsp;&middot;&nbsp;1 message<\/small><small class=\"forum-lastpost-small\">Dernier article\u00a0:&nbsp;<a href=\"https:\/\/francesca-costanza.com\/ong\/forum\/topic\/les-fondements-scientifiques-sur-lesquels-surfent-les-intermediaires-en-consciences-avec-loutil-de-lhypnose-francescaine\/#postid-5\">Les fondements scientifiques sur l &#8230;<\/a>&nbsp;&middot;&nbsp;<a href=\"https:\/\/francesca-costanza.com\/ong\/forum\/topic\/les-fondements-scientifiques-sur-lesquels-surfent-les-intermediaires-en-consciences-avec-loutil-de-lhypnose-francescaine\/#postid-5\">il y a 1 an <\/a>&nbsp;&middot;&nbsp;<span class=\"highlight-admin\"><a class=\"profile-link\" href=\"https:\/\/francesca-costanza.com\/ong\/forum\/profile\/costanza-therapies\/\">costanza.therapies<\/a><\/span><\/small><\/div><div class=\"forum-poster\"><div class=\"forum-poster-summary\"><a href=\"https:\/\/francesca-costanza.com\/ong\/forum\/topic\/les-fondements-scientifiques-sur-lesquels-surfent-les-intermediaires-en-consciences-avec-loutil-de-lhypnose-francescaine\/#postid-5\">Les fondements scientifiq &#8230;<\/a><br><small><a href=\"https:\/\/francesca-costanza.com\/ong\/forum\/topic\/les-fondements-scientifiques-sur-lesquels-surfent-les-intermediaires-en-consciences-avec-loutil-de-lhypnose-francescaine\/#postid-5\">il y a 1 an <\/a><span>&nbsp;&middot;&nbsp;<\/span><span class=\"highlight-admin\"><a class=\"profile-link\" href=\"https:\/\/francesca-costanza.com\/ong\/forum\/profile\/costanza-therapies\/\">costanza.therapies<\/a><\/span><\/small><\/div><\/div><\/div><div class=\"content-element forum\" id=\"forum-12\"><div class=\"forum-status read\"><i class=\"fas fa-comments\"><\/i><\/div><div class=\"forum-name\"><a class=\"forum-title\" href=\"https:\/\/francesca-costanza.com\/ong\/forum\/forum\/nos-pensees\/\">Nos pens\u00e9es<\/a><small class=\"forum-stats\">0 sujet&nbsp;&middot;&nbsp;0 message<\/small><small class=\"forum-lastpost-small\"><small class=\"no-topics\">Aucun sujet pour le moment\u00a0!<\/small><\/small><\/div><div class=\"forum-poster\"><small class=\"no-topics\">Aucun sujet pour le moment\u00a0!<\/small><\/div><\/div><div class=\"content-element forum\" id=\"forum-11\"><div class=\"forum-status read\"><i class=\"fas fa-comments\"><\/i><\/div><div class=\"forum-name\"><a class=\"forum-title\" href=\"https:\/\/francesca-costanza.com\/ong\/forum\/forum\/famille\/\">Famille<\/a><small class=\"forum-stats\">0 sujet&nbsp;&middot;&nbsp;0 message<\/small><small class=\"forum-lastpost-small\"><small class=\"no-topics\">Aucun sujet pour le moment\u00a0!<\/small><\/small><\/div><div class=\"forum-poster\"><small class=\"no-topics\">Aucun sujet pour le moment\u00a0!<\/small><\/div><\/div><div class=\"content-element forum\" id=\"forum-1\"><div class=\"forum-status read\"><i class=\"fas fa-comments\"><\/i><\/div><div class=\"forum-name\"><a class=\"forum-title\" href=\"https:\/\/francesca-costanza.com\/ong\/forum\/forum\/nos-emotions\/\">Nos \u00e9motions<\/a><small class=\"forum-stats\">0 sujet&nbsp;&middot;&nbsp;0 message<\/small><small class=\"forum-lastpost-small\"><small class=\"no-topics\">Aucun sujet pour le moment\u00a0!<\/small><\/small><\/div><div class=\"forum-poster\"><small class=\"no-topics\">Aucun sujet pour le moment\u00a0!<\/small><\/div><\/div><div class=\"content-element forum\" id=\"forum-9\"><div class=\"forum-status read\"><i class=\"fas fa-comments\"><\/i><\/div><div class=\"forum-name\"><a class=\"forum-title\" href=\"https:\/\/francesca-costanza.com\/ong\/forum\/forum\/partage-de-beaute\/\">Partage de beaut\u00e9<\/a><small class=\"forum-stats\">0 sujet&nbsp;&middot;&nbsp;0 message<\/small><small class=\"forum-lastpost-small\"><small class=\"no-topics\">Aucun sujet pour le moment\u00a0!<\/small><\/small><\/div><div class=\"forum-poster\"><small class=\"no-topics\">Aucun sujet pour le moment\u00a0!<\/small><\/div><\/div><div class=\"content-element forum\" id=\"forum-8\"><div class=\"forum-status read\"><i class=\"fas fa-comments\"><\/i><\/div><div class=\"forum-name\"><a class=\"forum-title\" href=\"https:\/\/francesca-costanza.com\/ong\/forum\/forum\/demande-dadherents\/\">Demande d&#039;adh\u00e9rents<\/a><small class=\"forum-stats\">0 sujet&nbsp;&middot;&nbsp;0 message<\/small><small class=\"forum-lastpost-small\"><small class=\"no-topics\">Aucun sujet pour le moment\u00a0!<\/small><\/small><\/div><div class=\"forum-poster\"><small class=\"no-topics\">Aucun sujet pour le moment\u00a0!<\/small><\/div><\/div><div class=\"content-element forum\" id=\"forum-7\"><div class=\"forum-status read\"><i class=\"fas fa-comments\"><\/i><\/div><div class=\"forum-name\"><a class=\"forum-title\" href=\"https:\/\/francesca-costanza.com\/ong\/forum\/forum\/offre-dadherents\/\">Offre d&#039;adh\u00e9rents<\/a><small class=\"forum-stats\">0 sujet&nbsp;&middot;&nbsp;0 message<\/small><small class=\"forum-lastpost-small\"><small class=\"no-topics\">Aucun sujet pour le moment\u00a0!<\/small><\/small><\/div><div class=\"forum-poster\"><small class=\"no-topics\">Aucun sujet pour le moment\u00a0!<\/small><\/div><\/div><div class=\"content-element forum\" id=\"forum-6\"><div class=\"forum-status read\"><i class=\"fas fa-comments\"><\/i><\/div><div class=\"forum-name\"><a class=\"forum-title\" href=\"https:\/\/francesca-costanza.com\/ong\/forum\/forum\/idee-dengagements-pour-long\/\">Id\u00e9e d&#039;engagements pour l&#039;ONG<\/a><small class=\"forum-stats\">0 sujet&nbsp;&middot;&nbsp;0 message<\/small><small class=\"forum-lastpost-small\"><small class=\"no-topics\">Aucun sujet pour le moment\u00a0!<\/small><\/small><\/div><div class=\"forum-poster\"><small class=\"no-topics\">Aucun sujet pour le moment\u00a0!<\/small><\/div><\/div><div class=\"content-element forum\" id=\"forum-5\"><div class=\"forum-status unread\"><i class=\"fas fa-comments\"><\/i><\/div><div class=\"forum-name\"><a class=\"forum-title\" href=\"https:\/\/francesca-costanza.com\/ong\/forum\/forum\/notre-lieu-commun\/\">Notre Lieu commun<\/a><small class=\"forum-stats\">1 sujet&nbsp;&middot;&nbsp;1 message<\/small><small class=\"forum-lastpost-small\">Dernier article\u00a0:&nbsp;<a href=\"https:\/\/francesca-costanza.com\/ong\/forum\/topic\/nouveau-local-pour-fevrier-2025-nomme-le-sphinx\/#postid-4\">Nouveau local pour F\u00e9vrier 2025 no &#8230;<\/a>&nbsp;&middot;&nbsp;<a href=\"https:\/\/francesca-costanza.com\/ong\/forum\/topic\/nouveau-local-pour-fevrier-2025-nomme-le-sphinx\/#postid-4\">il y a 1 an <\/a>&nbsp;&middot;&nbsp;<span class=\"highlight-admin\"><a class=\"profile-link\" href=\"https:\/\/francesca-costanza.com\/ong\/forum\/profile\/costanza-therapies\/\">costanza.therapies<\/a><\/span><\/small><\/div><div class=\"forum-poster\"><div class=\"forum-poster-summary\"><a href=\"https:\/\/francesca-costanza.com\/ong\/forum\/topic\/nouveau-local-pour-fevrier-2025-nomme-le-sphinx\/#postid-4\">Nouveau local pour F\u00e9vrie &#8230;<\/a><br><small><a href=\"https:\/\/francesca-costanza.com\/ong\/forum\/topic\/nouveau-local-pour-fevrier-2025-nomme-le-sphinx\/#postid-4\">il y a 1 an <\/a><span>&nbsp;&middot;&nbsp;<\/span><span class=\"highlight-admin\"><a class=\"profile-link\" href=\"https:\/\/francesca-costanza.com\/ong\/forum\/profile\/costanza-therapies\/\">costanza.therapies<\/a><\/span><\/small><\/div><\/div><\/div><div class=\"content-element forum\" id=\"forum-4\"><div class=\"forum-status read\"><i class=\"fas fa-comments\"><\/i><\/div><div class=\"forum-name\"><a class=\"forum-title\" href=\"https:\/\/francesca-costanza.com\/ong\/forum\/forum\/nos-moyens\/\">Nos moyens<\/a><small class=\"forum-stats\">0 sujet&nbsp;&middot;&nbsp;0 message<\/small><small class=\"forum-lastpost-small\"><small class=\"no-topics\">Aucun sujet pour le moment\u00a0!<\/small><\/small><\/div><div class=\"forum-poster\"><small class=\"no-topics\">Aucun sujet pour le moment\u00a0!<\/small><\/div><\/div><div class=\"content-element forum\" id=\"forum-3\"><div class=\"forum-status read\"><i class=\"fas fa-comments\"><\/i><\/div><div class=\"forum-name\"><a class=\"forum-title\" href=\"https:\/\/francesca-costanza.com\/ong\/forum\/forum\/nos-idees\/\">Nos id\u00e9es<\/a><small class=\"forum-stats\">0 sujet&nbsp;&middot;&nbsp;0 message<\/small><small class=\"forum-lastpost-small\"><small class=\"no-topics\">Aucun sujet pour le moment\u00a0!<\/small><\/small><\/div><div class=\"forum-poster\"><small class=\"no-topics\">Aucun sujet pour le moment\u00a0!<\/small><\/div><\/div><div class=\"content-element forum\" id=\"forum-2\"><div class=\"forum-status read\"><i class=\"fas fa-comments\"><\/i><\/div><div class=\"forum-name\"><a class=\"forum-title\" href=\"https:\/\/francesca-costanza.com\/ong\/forum\/forum\/alertes-et-securite\/\">Alertes et s\u00e9curit\u00e9<\/a><small class=\"forum-stats\">0 sujet&nbsp;&middot;&nbsp;0 message<\/small><small class=\"forum-lastpost-small\"><small class=\"no-topics\">Aucun sujet pour le moment\u00a0!<\/small><\/small><\/div><div class=\"forum-poster\"><small class=\"no-topics\">Aucun sujet pour le moment\u00a0!<\/small><\/div><\/div><\/div><div id=\"read-unread\"><span class=\"indicator unread\"><\/span><span class=\"indicator-label\">Nouveaux messages<\/span><span class=\"indicator read\"><\/span><span class=\"indicator-label\">Rien de nouveau<\/span><span class=\"indicator-label\"><span class=\"fas fa-check\"><\/span><a href=\"https:\/\/francesca-costanza.com\/ong\/forum\/markallread\/\">Tout marquer comme lu<\/a><\/span><span class=\"indicator-label\"><span class=\"fas fa-history\"><\/span><a href=\"https:\/\/francesca-costanza.com\/ong\/forum\/unread\/\">Afficher les sujets non lus<\/a><\/span><div class=\"clear\"><\/div><\/div><div id=\"statistics\"><div class=\"title-element title-element-dark\"><span class=\"title-element-icon fas fa-chart-pie\"><\/span>Statistiques<\/div><div id=\"statistics-body\"><div id=\"statistics-elements\"><div class=\"statistics-element\"><div class=\"element-number\"><span class=\"statistics-element-icon far fa-comments\"><\/span>4<\/div><div class=\"element-name\">Sujets<\/div><\/div><div class=\"statistics-element\"><div class=\"element-number\"><span class=\"statistics-element-icon far fa-comment\"><\/span>5<\/div><div class=\"element-name\">Messages<\/div><\/div><div class=\"statistics-element\"><div class=\"element-number\"><span class=\"statistics-element-icon far fa-eye\"><\/span>413<\/div><div class=\"element-name\">Vues<\/div><\/div><div class=\"statistics-element\"><div class=\"element-number\"><span class=\"statistics-element-icon far fa-user\"><\/span>235<\/div><div class=\"element-name\">Utilisateurs<\/div><\/div><div class=\"statistics-element\"><div class=\"element-number\"><span class=\"statistics-element-icon far fa-lightbulb\"><\/span>0<\/div><div class=\"element-name\">En ligne<\/div><\/div><\/div><div id=\"statistics-online-users\"><span class=\"online-users-icon fas fa-user\"><\/span>Membre le plus r\u00e9cent\u00a0:&nbsp;<i><a class=\"profile-link\" href=\"https:\/\/francesca-costanza.com\/ong\/forum\/profile\/elise-cotto\/\">Elise Cotto<\/a><\/i>&nbsp;&middot;&nbsp;<span class=\"online-users-icon fas fa-users\"><\/span><i>Personne n\u2019est actuellement en ligne.<\/i><\/div><\/div><div class=\"clear\"><\/div><\/div><div id=\"bottom-navigation\"><\/div><div class=\"clear\"><\/div><\/div>\t\t<\/div>\n\t\t\t\t<\/div>\n\t\t\t\t\t\t<\/div>\n\t\t\t\t\t<\/div>\n\t\t<\/div>\n\t\t\t\t\t\t\t\t<\/div>\n\t\t\t\t\t<\/div>\n\t\t<\/section>\n\t\t\t\t\t\t<\/div>\n\t\t\t\t\t\t<\/div>\n\t\t\t\t\t<\/div>\n\t\t","protected":false},"excerpt":{"rendered":"<p>FORUM<\/p>\n","protected":false},"author":1,"featured_media":0,"parent":0,"menu_order":0,"comment_status":"closed","ping_status":"closed","template":"elementor_header_footer","meta":[],"_links":{"self":[{"href":"https:\/\/francesca-costanza.com\/ong\/wp-json\/wp\/v2\/pages\/10684"}],"collection":[{"href":"https:\/\/francesca-costanza.com\/ong\/wp-json\/wp\/v2\/pages"}],"about":[{"href":"https:\/\/francesca-costanza.com\/ong\/wp-json\/wp\/v2\/types\/page"}],"author":[{"embeddable":true,"href":"https:\/\/francesca-costanza.com\/ong\/wp-json\/wp\/v2\/users\/1"}],"replies":[{"embeddable":true,"href":"https:\/\/francesca-costanza.com\/ong\/wp-json\/wp\/v2\/comments?post=10684"}],"version-history":[{"count":6,"href":"https:\/\/francesca-costanza.com\/ong\/wp-json\/wp\/v2\/pages\/10684\/revisions"}],"predecessor-version":[{"id":10956,"href":"https:\/\/francesca-costanza.com\/ong\/wp-json\/wp\/v2\/pages\/10684\/revisions\/10956"}],"wp:attachment":[{"href":"https:\/\/francesca-costanza.com\/ong\/wp-json\/wp\/v2\/media?parent=10684"}],"curies":[{"name":"wp","href":"https:\/\/api.w.org\/{rel}","templated":true}]}}