{"id":10692,"date":"2019-11-19T17:44:06","date_gmt":"2019-11-19T16:44:06","guid":{"rendered":"https:\/\/francesca-costanza.com\/ong\/?page_id=10692"},"modified":"2019-12-22T14:44:52","modified_gmt":"2019-12-22T13:44:52","slug":"forum-3","status":"publish","type":"page","link":"https:\/\/francesca-costanza.com\/ong\/forum-3\/","title":{"rendered":"R\u00e8gles du forum \u200b"},"content":{"rendered":"\t\t<div data-elementor-type=\"wp-post\" data-elementor-id=\"10692\" class=\"elementor elementor-10692\" data-elementor-settings=\"[]\">\n\t\t\t\t\t\t<div class=\"elementor-inner\">\n\t\t\t\t\t\t\t<div class=\"elementor-section-wrap\">\n\t\t\t\t\t\t\t<section class=\"elementor-section elementor-top-section elementor-element elementor-element-b6636e9 elementor-section-stretched elementor-section-boxed elementor-section-height-default elementor-section-height-default\" data-id=\"b6636e9\" data-element_type=\"section\" data-settings=\"{&quot;background_background&quot;:&quot;classic&quot;,&quot;stretch_section&quot;:&quot;section-stretched&quot;}\">\n\t\t\t\t\t\t<div class=\"elementor-container elementor-column-gap-default\">\n\t\t\t\t\t\t\t<div class=\"elementor-row\">\n\t\t\t\t\t<div class=\"elementor-column elementor-col-100 elementor-top-column elementor-element elementor-element-dfb2c6d\" data-id=\"dfb2c6d\" data-element_type=\"column\">\n\t\t\t<div class=\"elementor-column-wrap elementor-element-populated\">\n\t\t\t\t\t\t\t<div class=\"elementor-widget-wrap\">\n\t\t\t\t\t\t\t\t<\/div>\n\t\t\t\t\t<\/div>\n\t\t<\/div>\n\t\t\t\t\t\t\t\t<\/div>\n\t\t\t\t\t<\/div>\n\t\t<\/section>\n\t\t\t\t<section class=\"elementor-section elementor-top-section elementor-element elementor-element-82ad05d elementor-section-boxed elementor-section-height-default elementor-section-height-default\" data-id=\"82ad05d\" data-element_type=\"section\">\n\t\t\t\t\t\t<div class=\"elementor-container elementor-column-gap-default\">\n\t\t\t\t\t\t\t<div class=\"elementor-row\">\n\t\t\t\t\t<div class=\"elementor-column elementor-col-100 elementor-top-column elementor-element elementor-element-e5d8e77\" data-id=\"e5d8e77\" data-element_type=\"column\">\n\t\t\t<div class=\"elementor-column-wrap elementor-element-populated\">\n\t\t\t\t\t\t\t<div class=\"elementor-widget-wrap\">\n\t\t\t\t\t\t<div class=\"elementor-element elementor-element-d36d43a elementor-widget elementor-widget-heading\" data-id=\"d36d43a\" data-element_type=\"widget\" data-widget_type=\"heading.default\">\n\t\t\t\t<div class=\"elementor-widget-container\">\n\t\t\t<h2 class=\"elementor-heading-title elementor-size-default\">R\u00e8gles du forum <\/h2>\t\t<\/div>\n\t\t\t\t<\/div>\n\t\t\t\t\t\t<\/div>\n\t\t\t\t\t<\/div>\n\t\t<\/div>\n\t\t\t\t\t\t\t\t<\/div>\n\t\t\t\t\t<\/div>\n\t\t<\/section>\n\t\t\t\t<section class=\"elementor-section elementor-top-section elementor-element elementor-element-19ae167 elementor-section-boxed elementor-section-height-default elementor-section-height-default\" data-id=\"19ae167\" data-element_type=\"section\">\n\t\t\t\t\t\t<div class=\"elementor-container elementor-column-gap-default\">\n\t\t\t\t\t\t\t<div class=\"elementor-row\">\n\t\t\t\t\t<div class=\"elementor-column elementor-col-100 elementor-top-column elementor-element elementor-element-69f6da8\" data-id=\"69f6da8\" data-element_type=\"column\">\n\t\t\t<div class=\"elementor-column-wrap elementor-element-populated\">\n\t\t\t\t\t\t\t<div class=\"elementor-widget-wrap\">\n\t\t\t\t\t\t<div class=\"elementor-element elementor-element-0360267 elementor-widget elementor-widget-text-editor\" data-id=\"0360267\" data-element_type=\"widget\" data-widget_type=\"text-editor.default\">\n\t\t\t\t<div class=\"elementor-widget-container\">\n\t\t\t\t\t<div class=\"elementor-text-editor elementor-clearfix\"><p>Pour passer des moments fraternels et bienveillants sur le forum, chacun se doit de respecter les r\u00e8gles de bonne conduite que vous trouverez ici. <br \/>Le forum SOULS RIGHTS PROTECTION est votre espace ! C&#8217;est un lieu o\u00f9 vous pouvez \u00e9changer librement et partager vos exp\u00e9riences avec la communaut\u00e9 de l\u2019ONG. Vous pouvez poser toutes vos questions concernant vos aspirations spirituelles, votre d\u00e9veloppement ou d\u2019autres th\u00e8mes. La communaut\u00e9 se fera un plaisir de vous conseiller, de vous aider, de vous r\u00e9pondre.<br \/><br \/>Les forums sont accessibles aux membres de l\u2019ONG.<br \/>Les r\u00e8gles fondamentales pour utiliser le forum en toute s\u00e9curit\u00e9 et s\u00e9r\u00e9nit\u00e9<br \/><br \/>Ce que l&#8217;on attend de vous<br \/><br \/>Respectez les internautes, utilisez des formules de politesse, ne vous \u00e9nervez pas. Les r\u00e8gles \u00e9l\u00e9mentaires de politesse et de savoir-vivre, les \u00ab bonjour \u00bb, \u00ab merci \u00bb ou \u00ab s\u2019il-vous-pla\u00eet \u00bb, sont indispensables \u00e0 la qualit\u00e9 des \u00e9changes. Respectez \u00e9galement le travail des mod\u00e9rateurs qui contribuent au bien-\u00eatre des forums.<br \/><br \/>Respectez le droit d\u2019auteur, le droit \u00e0 l\u2019image et la vie priv\u00e9e de chaque internaute. Lorsque vous citez des \u0153uvres \u00e9crites, vous devez en mentionner la source (auteur et titre ou lien vers le site internet).<br \/><br \/>Ne communiquez jamais vos donn\u00e9es personnelles (nom de famille, e-mail, t\u00e9l\u00e9phone, adresse postale) : elles permettent de vous identifier directement ou indirectement. Ainsi, vous \u00e9viterez toute intrusion dans votre vie priv\u00e9e : le forum est un espace public qui est r\u00e9pertori\u00e9 par les moteurs de recherche. Si quelqu\u2019un divulgue l\u2019une de ces informations sans votre accord, \u00e9crivez-nous \u00e0 l\u2019adresse forum@francesca-costanza.com afin que le message soit supprim\u00e9. <br \/>\u00c9vitez les posts nominatifs : si vous souhaitez dialoguer avec un internaute en particulier, utilisez les messages priv\u00e9s. <br \/>Ne demandez pas une r\u00e9ponse en priv\u00e9 : les forums sont un lieu d\u2019\u00e9change, la r\u00e9ponse \u00e0 votre question peut int\u00e9resser d\u2019autres personnes.<br \/><br \/>Ne vous \u00e9nervez pas : si quelqu\u2019un vous agace, la bonne conduite \u00e0 adopter est d\u2019ignorer ses messages, tout simplement.<br \/><br \/>N\u2019abusez pas de l\u2019\u00e9criture en majuscules : elle est consid\u00e9r\u00e9e comme un cri ou un signe d\u2019\u00e9nervement. Si vous pensez que cela rendra votre sujet plus visible, ce n\u2019est pas le cas : les autres utilisateurs risquent de penser que vous \u00eates \u00e9nerv\u00e9 ou impatient. Cela ne les incitera pas \u00e0 vous r\u00e9pondre.<br \/><br \/>Soignez votre orthographe : on vous comprendra mieux et cela \u00e9vitera toute ambig\u00fcit\u00e9. Le nombre de caract\u00e8res n\u2019est pas limit\u00e9, donc exprimez-vous correctement pour vous faire comprendre du mieux possible.<br \/><br \/>Ce qui est interdit sur le forum<br \/><br \/>Avoir plusieurs comptes avec une m\u00eame adresse e-mail : cela est vu comme de la malhonn\u00eatet\u00e9 et beaucoup ont abus\u00e9 de cette possibilit\u00e9 dans le pass\u00e9. C\u2019est pourquoi il vous est impossible de cr\u00e9er un second compte avec une adresse e-mail d\u00e9j\u00e0 enregistr\u00e9e.<br \/><br \/>Les propos injurieux, vulgaires, haineux, racistes, x\u00e9nophobes, extr\u00e9mistes, p\u00e9dophiles ou diffamatoires envers la communaut\u00e9 ou un professionnel, ainsi que ceux relevant de la propagande politique, religieuse ou sectaire. Tous les propos concernant la sant\u00e9 des personnes et des maladies graves sont \u00e0 aborder avec prudence.<br \/><br \/>Les insultes et les attaques personnelles, les r\u00e8glements de compte ou la provocation, l\u2019acharnement flagrant contre un utilisateur, m\u00eame sans insultes.<br \/><br \/>Les annonces commerciales de produits ill\u00e9gaux, de m\u00e9dicaments, de contrefa\u00e7on. Les annonces personnelles non-commerciales sont autoris\u00e9es. La publicit\u00e9 mensong\u00e8re, les arnaques, les messages laissant esp\u00e9rer un gain d\u2019argent avec une mise de d\u00e9part, toutes les ventes de produits ill\u00e9gaux, vol\u00e9s, de m\u00e9dicaments, d\u2019organes, de drogues sont strictement interdits sur le forum.<br \/><br \/>S\u2019inscrire sur le forum juste pour faire de la publicit\u00e9 : que ce soit de la publicit\u00e9 directe ou d\u00e9tourn\u00e9e pour un produit ou un service.<br \/><br \/>Les spams : il est inutile de poster plusieurs fois le m\u00eame message. Si personne ne vous r\u00e9pond, c\u2019est peut-\u00eatre parce que les internautes ne connaissent pas la r\u00e9ponse, que votre question est difficile \u00e0 comprendre car elle est impr\u00e9cise, que vous n\u2019avez pas \u00e9t\u00e9 poli ou respectueux. Nous supprimons tous les messages publi\u00e9s plusieurs fois.<br \/><br \/>Les photos ou vid\u00e9os ill\u00e9gales ou illicites, les contenus visuels \u00e0 caract\u00e8re pornographique ou trop suggestif, ainsi que les photos de sacrifices d\u2019animaux ou toute autre sc\u00e8ne choquante.<br \/><br \/>Les messages de type invitation\/rencontre, telles que les demandes d\u2019ajout sur Snapchat, WhatsApp ou tout autre r\u00e9seau social, d\u2019\u00e9changes par messages priv\u00e9s.<br \/><br \/>Raconter des histoires diff\u00e9rentes suivant le forum ou les personnes \u00e0 qui vous vous adressez. Ceci est vu comme de la malhonn\u00eatet\u00e9 envers la communaut\u00e9.<br \/><br \/>Le r\u00f4le des mod\u00e9rateurs<br \/><br \/>Le mod\u00e9rateur contr\u00f4le que tout soit conforme aux lois et r\u00e8glements en vigueur, il est donc l\u00e0 pour faire respecter les r\u00e8gles \u00e9tablies. La mod\u00e9ration a pour but que les forums soient des espaces de discussions libres et agr\u00e9ables pour tout le monde, o\u00f9 chacun se respecte. Le mod\u00e9rateur peut donc :<br \/><br \/>Supprimer les messages qui ne respectent pas les r\u00e8gles de bonne conduite \u00e9nonc\u00e9es pr\u00e9c\u00e9demment. Que les propos soient explicites ou implicites, ils seront supprim\u00e9s. Lorsque l&#8217;un de vos messages est supprim\u00e9, vous recevez un message priv\u00e9 pour vous expliquer la raison de la suppression. Si plusieurs de vos messages sont supprim\u00e9s pour la m\u00eame raison, nous serons dans l&#8217;obligation de bloquer votre compte. <br \/><br \/>Bannir les profils qui nuisent au bon fonctionnement du forum.<br \/><br \/>R\u00e9pondre \u00e0 vos alertes et toutes demandes particuli\u00e8res.<br \/><br \/>Suppression des discussions : toutes les discussions cr\u00e9\u00e9es comportant au moins une r\u00e9ponse sont consid\u00e9r\u00e9es comme appartenant \u00e0 la communaut\u00e9. Elles ne seront donc pas supprim\u00e9es, si elles respectent les r\u00e8gles de bonne conduite. N\u00e9anmoins, si votre message contient vos donn\u00e9es personnelles, contactez-nous \u00e0 forum@francesca-costanza.com pour que nous le modifiions ou le supprimions.<br \/><br \/>L\u2019alerte au mod\u00e9rateur : vous pouvez nous signaler des propos qui vous semblent d\u00e9plac\u00e9s, en cliquant sur le bouton \u201cAlerter\u201d qui figure sur chaque message du forum. L\u2019alerte peut concerner les motifs suivants : insultes, racisme, publicit\u00e9, arnaque, spam, pornographie, provocations, harc\u00e8lement, troll\u2026 Le mod\u00e9rateur sera pr\u00e9venu de votre alerte et la traitera. N\u2019abusez pas de l\u2019alerte !<br \/><br \/>Si vous vous retrouvez face \u00e0 une situation d\u2019urgence vitale (suicide, maltraitance), faites un signalement sur https:\/\/www.internet-signalement.gouv.fr. N\u2019en abusez pas non plus !<br \/><br \/>Blocage ou bannissement de votre compte : lorsque vous \u00eates bloqu\u00e9(e) ou banni(e) du forum, un e-mail vous est envoy\u00e9 pour vous expliquer les raisons de cette action. Si votre compte a \u00e9t\u00e9 bloqu\u00e9 plusieurs fois pour les m\u00eames raisons, et que vous n\u2019avez donc pas am\u00e9lior\u00e9 votre comportement sur les forums malgr\u00e9 nos alertes, il sera directement banni.<br \/><br \/>D\u00e9placement de messages : si vous publiez une nouvelle discussion dans une section inappropri\u00e9e, l\u2019\u00e9quipe de mod\u00e9ration se donne le droit de la d\u00e9placer. Vous pourrez toujours retrouver votre discussion dans \u201cMes discussions\u201d ou \u201cMes discussions favorites\u201d.<br \/><br \/>Les mod\u00e9rateurs b\u00e9n\u00e9voles : ils contribuent aussi \u00e0 la bonne ambiance sur les forums. Pour cela, ils peuvent supprimer des contenus et bloquer des utilisateurs. Toutes leurs actions sont r\u00e9alis\u00e9es dans un souci d\u2019objectivit\u00e9. Dans le cas inverse, le mod\u00e9rateur perd ses droits de mod\u00e9ration. Nous entretenons une relation particuli\u00e8re avec nos mod\u00e9rateurs externes : ce sont nos r\u00e9f\u00e9rents, nous les \u00e9coutons donc avec attention et inversement.<br \/><br \/><br \/>Responsabilit\u00e9s l\u00e9gales<br \/><br \/>Le site wwww.francesca-costanza.com n\u2019est pas responsable des informations qui sont publi\u00e9es sur les forums. Tous les messages ne peuvent pas \u00eatre v\u00e9rifi\u00e9s et certains peuvent comporter des renseignements erron\u00e9s ou ne pas respecter les r\u00e8gles \u00e9nonc\u00e9es ci-dessus.<br \/><br \/>Les utilisateurs sont seuls responsables des informations, messages, donn\u00e9es personnelles, images, et\/ou de tout contenu qu\u2019ils diffusent sur les forums.<br \/><br \/>Le site peut prendre l\u2019initiative de supprimer tout contenu diffus\u00e9 sur les forums lorsque celui-ci est susceptible de porter atteinte aux lois et r\u00e8glements en vigueur en France.<br \/><br \/>En cas d\u2019abus r\u00e9p\u00e9t\u00e9s, www.francesca-costanza.com se r\u00e9serve le droit de porter plainte et mettra \u00e0 disposition de la justice les adresses IP des utilisateurs mis en cause.<br \/><br \/>Droits relatifs aux donn\u00e9es personnelles<br \/><br \/>Conform\u00e9ment \u00e0 la r\u00e9glementation applicable en mati\u00e8re de donn\u00e9es personnelles, vous disposez d\u2019un droit d\u2019acc\u00e8s, de rectification, d\u2019effacement, d\u2019opposition, \u00e0 la limitation des traitements, et \u00e0 la portabilit\u00e9 des donn\u00e9es qui vous concernent.<br \/><br \/>Pour plus d\u2019informations, nous vous invitons \u00e0 vous r\u00e9f\u00e9rer \u00e0 la Politique de Protection des Donn\u00e9es du site : <br \/><br \/><\/p><\/div>\n\t\t\t\t<\/div>\n\t\t\t\t<\/div>\n\t\t\t\t\t\t<\/div>\n\t\t\t\t\t<\/div>\n\t\t<\/div>\n\t\t\t\t\t\t\t\t<\/div>\n\t\t\t\t\t<\/div>\n\t\t<\/section>\n\t\t\t\t\t\t<\/div>\n\t\t\t\t\t\t<\/div>\n\t\t\t\t\t<\/div>\n\t\t","protected":false},"excerpt":{"rendered":"<p>R\u00e8gles du forum Pour passer des moments fraternels et bienveillants sur le forum, chacun se doit de respecter les r\u00e8gles de bonne conduite que vous trouverez ici. Le forum SOULS RIGHTS PROTECTION est votre espace ! C&#8217;est un lieu o\u00f9 vous pouvez \u00e9changer librement et partager vos exp\u00e9riences avec la communaut\u00e9 de l\u2019ONG. Vous pouvez [&hellip;]<\/p>\n","protected":false},"author":1,"featured_media":0,"parent":0,"menu_order":0,"comment_status":"closed","ping_status":"closed","template":"elementor_header_footer","meta":[],"_links":{"self":[{"href":"https:\/\/francesca-costanza.com\/ong\/wp-json\/wp\/v2\/pages\/10692"}],"collection":[{"href":"https:\/\/francesca-costanza.com\/ong\/wp-json\/wp\/v2\/pages"}],"about":[{"href":"https:\/\/francesca-costanza.com\/ong\/wp-json\/wp\/v2\/types\/page"}],"author":[{"embeddable":true,"href":"https:\/\/francesca-costanza.com\/ong\/wp-json\/wp\/v2\/users\/1"}],"replies":[{"embeddable":true,"href":"https:\/\/francesca-costanza.com\/ong\/wp-json\/wp\/v2\/comments?post=10692"}],"version-history":[{"count":4,"href":"https:\/\/francesca-costanza.com\/ong\/wp-json\/wp\/v2\/pages\/10692\/revisions"}],"predecessor-version":[{"id":10957,"href":"https:\/\/francesca-costanza.com\/ong\/wp-json\/wp\/v2\/pages\/10692\/revisions\/10957"}],"wp:attachment":[{"href":"https:\/\/francesca-costanza.com\/ong\/wp-json\/wp\/v2\/media?parent=10692"}],"curies":[{"name":"wp","href":"https:\/\/api.w.org\/{rel}","templated":true}]}}