{"id":11448,"date":"2020-12-23T10:18:39","date_gmt":"2020-12-23T09:18:39","guid":{"rendered":"https:\/\/francesca-costanza.com\/ong\/?page_id=11448"},"modified":"2021-01-04T13:38:49","modified_gmt":"2021-01-04T12:38:49","slug":"ordre-de-long-mettre","status":"publish","type":"page","link":"https:\/\/francesca-costanza.com\/ong\/ordre-de-long-mettre\/","title":{"rendered":"Ordre de l&#8217;ONG mettre"},"content":{"rendered":"\t\t<div data-elementor-type=\"wp-post\" data-elementor-id=\"11448\" class=\"elementor elementor-11448\" data-elementor-settings=\"[]\">\n\t\t\t\t\t\t<div class=\"elementor-inner\">\n\t\t\t\t\t\t\t<div class=\"elementor-section-wrap\">\n\t\t\t\t\t\t\t<section class=\"elementor-section elementor-top-section elementor-element elementor-element-b6636e9 elementor-section-stretched elementor-section-boxed elementor-section-height-default elementor-section-height-default\" data-id=\"b6636e9\" data-element_type=\"section\" data-settings=\"{&quot;background_background&quot;:&quot;classic&quot;,&quot;stretch_section&quot;:&quot;section-stretched&quot;}\">\n\t\t\t\t\t\t<div class=\"elementor-container elementor-column-gap-default\">\n\t\t\t\t\t\t\t<div class=\"elementor-row\">\n\t\t\t\t\t<div class=\"elementor-column elementor-col-100 elementor-top-column elementor-element elementor-element-dfb2c6d\" data-id=\"dfb2c6d\" data-element_type=\"column\">\n\t\t\t<div class=\"elementor-column-wrap elementor-element-populated\">\n\t\t\t\t\t\t\t<div class=\"elementor-widget-wrap\">\n\t\t\t\t\t\t\t\t<\/div>\n\t\t\t\t\t<\/div>\n\t\t<\/div>\n\t\t\t\t\t\t\t\t<\/div>\n\t\t\t\t\t<\/div>\n\t\t<\/section>\n\t\t\t\t<section class=\"elementor-section elementor-top-section elementor-element elementor-element-56fc1da elementor-section-boxed elementor-section-height-default elementor-section-height-default\" data-id=\"56fc1da\" data-element_type=\"section\" data-settings=\"{&quot;background_background&quot;:&quot;classic&quot;}\">\n\t\t\t\t\t\t<div class=\"elementor-container elementor-column-gap-default\">\n\t\t\t\t\t\t\t<div class=\"elementor-row\">\n\t\t\t\t\t<div class=\"elementor-column elementor-col-50 elementor-top-column elementor-element elementor-element-41838b1\" data-id=\"41838b1\" data-element_type=\"column\">\n\t\t\t<div class=\"elementor-column-wrap elementor-element-populated\">\n\t\t\t\t\t\t\t<div class=\"elementor-widget-wrap\">\n\t\t\t\t\t\t<div class=\"elementor-element elementor-element-e62718e elementor-widget elementor-widget-image\" data-id=\"e62718e\" data-element_type=\"widget\" data-widget_type=\"image.default\">\n\t\t\t\t<div class=\"elementor-widget-container\">\n\t\t\t\t\t<div class=\"elementor-image\">\n\t\t\t\t\t\t\t\t\t\t<img width=\"573\" height=\"595\" src=\"https:\/\/francesca-costanza.com\/ong\/wp-content\/uploads\/sites\/5\/2019\/11\/ong-title.png\" class=\"attachment-full size-full\" alt=\"\" decoding=\"async\" loading=\"lazy\" srcset=\"https:\/\/francesca-costanza.com\/ong\/wp-content\/uploads\/sites\/5\/2019\/11\/ong-title.png 573w, https:\/\/francesca-costanza.com\/ong\/wp-content\/uploads\/sites\/5\/2019\/11\/ong-title-300x312.png 300w, https:\/\/francesca-costanza.com\/ong\/wp-content\/uploads\/sites\/5\/2019\/11\/ong-title-289x300.png 289w\" sizes=\"(max-width: 573px) 100vw, 573px\" \/>\t\t\t\t\t\t\t\t\t\t\t<\/div>\n\t\t\t\t<\/div>\n\t\t\t\t<\/div>\n\t\t\t\t\t\t<\/div>\n\t\t\t\t\t<\/div>\n\t\t<\/div>\n\t\t\t\t<div class=\"elementor-column elementor-col-50 elementor-top-column elementor-element elementor-element-c5715dc\" data-id=\"c5715dc\" data-element_type=\"column\">\n\t\t\t<div class=\"elementor-column-wrap elementor-element-populated\">\n\t\t\t\t\t\t\t<div class=\"elementor-widget-wrap\">\n\t\t\t\t\t\t<div class=\"elementor-element elementor-element-57e6996 elementor-widget elementor-widget-heading\" data-id=\"57e6996\" data-element_type=\"widget\" data-widget_type=\"heading.default\">\n\t\t\t\t<div class=\"elementor-widget-container\">\n\t\t\t<h4 class=\"elementor-heading-title elementor-size-default\">CHARTE SOULS RIGHTS PROTECTION<\/h4>\t\t<\/div>\n\t\t\t\t<\/div>\n\t\t\t\t<div class=\"elementor-element elementor-element-a6acd69 elementor-widget elementor-widget-text-editor\" data-id=\"a6acd69\" data-element_type=\"widget\" data-widget_type=\"text-editor.default\">\n\t\t\t\t<div class=\"elementor-widget-container\">\n\t\t\t\t\t<div class=\"elementor-text-editor elementor-clearfix\"><p>L&#8217;ong prend naissance en ses principes fondamentaux, que chaque membre ressentira au plus profond de son \u00eatre pour s&#8217;engager en son sein, et b\u00e9n\u00e9ficier de sa protection. Adh\u00e9rer \u00e0 &#8220;Souls Rights Protection&#8221; c&#8217;est adh\u00e9rer avant tout, aux valeurs suivantes:<\/p><ul class=\"why-choose-list-two\"><li>D\u00e9votion aux membres de l&#8217;ONG<\/li><li>Actions d\u00e9sint\u00e9ress\u00e9es<\/li><li>la protection<\/li><li>Puret\u00e9<\/li><li>Charit\u00e9<\/li><li>Partage de ressources et comp\u00e9tences<\/li><li>Fraternit\u00e9\u00a0<\/li><li>Honn\u00eatet\u00e9 et v\u00e9rit\u00e9<\/li><li>Lucidit\u00e9 et conscience<\/li><li>Bienveillance, et humanitude<\/li><li>Ordre et Justice<\/li><li>Services aux citoyens<\/li><\/ul><\/div>\n\t\t\t\t<\/div>\n\t\t\t\t<\/div>\n\t\t\t\t\t\t<\/div>\n\t\t\t\t\t<\/div>\n\t\t<\/div>\n\t\t\t\t\t\t\t\t<\/div>\n\t\t\t\t\t<\/div>\n\t\t<\/section>\n\t\t\t\t<section class=\"elementor-section elementor-top-section elementor-element elementor-element-cdef2d5 elementor-section-boxed elementor-section-height-default elementor-section-height-default\" data-id=\"cdef2d5\" data-element_type=\"section\">\n\t\t\t\t\t\t<div class=\"elementor-container elementor-column-gap-default\">\n\t\t\t\t\t\t\t<div class=\"elementor-row\">\n\t\t\t\t\t<div class=\"elementor-column elementor-col-100 elementor-top-column elementor-element elementor-element-50bf962\" data-id=\"50bf962\" data-element_type=\"column\">\n\t\t\t<div class=\"elementor-column-wrap elementor-element-populated\">\n\t\t\t\t\t\t\t<div class=\"elementor-widget-wrap\">\n\t\t\t\t\t\t<section class=\"elementor-section elementor-inner-section elementor-element elementor-element-b83b15c elementor-section-boxed elementor-section-height-default elementor-section-height-default\" data-id=\"b83b15c\" data-element_type=\"section\">\n\t\t\t\t\t\t<div class=\"elementor-container elementor-column-gap-default\">\n\t\t\t\t\t\t\t<div class=\"elementor-row\">\n\t\t\t\t\t<div class=\"elementor-column elementor-col-33 elementor-inner-column elementor-element elementor-element-4d1cb27\" data-id=\"4d1cb27\" data-element_type=\"column\">\n\t\t\t<div class=\"elementor-column-wrap\">\n\t\t\t\t\t\t\t<div class=\"elementor-widget-wrap\">\n\t\t\t\t\t\t\t\t<\/div>\n\t\t\t\t\t<\/div>\n\t\t<\/div>\n\t\t\t\t<div class=\"elementor-column elementor-col-33 elementor-inner-column elementor-element elementor-element-293bf3b\" data-id=\"293bf3b\" data-element_type=\"column\">\n\t\t\t<div class=\"elementor-column-wrap elementor-element-populated\">\n\t\t\t\t\t\t\t<div class=\"elementor-widget-wrap\">\n\t\t\t\t\t\t<div class=\"elementor-element elementor-element-27ef868 elementor-widget elementor-widget-heading\" data-id=\"27ef868\" data-element_type=\"widget\" data-widget_type=\"heading.default\">\n\t\t\t\t<div class=\"elementor-widget-container\">\n\t\t\t<h4 class=\"elementor-heading-title elementor-size-default\">L'Ordre de Souls Rights Protection<\/h4>\t\t<\/div>\n\t\t\t\t<\/div>\n\t\t\t\t<div class=\"elementor-element elementor-element-284f0e4 elementor-widget elementor-widget-text-editor\" data-id=\"284f0e4\" data-element_type=\"widget\" data-widget_type=\"text-editor.default\">\n\t\t\t\t<div class=\"elementor-widget-container\">\n\t\t\t\t\t<div class=\"elementor-text-editor elementor-clearfix\"><ul class=\"why-choose-list-two\"><li>En cours de r\u00e9daction<\/li><li>\u00a0<\/li><\/ul><\/div>\n\t\t\t\t<\/div>\n\t\t\t\t<\/div>\n\t\t\t\t\t\t<\/div>\n\t\t\t\t\t<\/div>\n\t\t<\/div>\n\t\t\t\t<div class=\"elementor-column elementor-col-33 elementor-inner-column elementor-element elementor-element-d9d4e3a\" data-id=\"d9d4e3a\" data-element_type=\"column\">\n\t\t\t<div class=\"elementor-column-wrap\">\n\t\t\t\t\t\t\t<div class=\"elementor-widget-wrap\">\n\t\t\t\t\t\t\t\t<\/div>\n\t\t\t\t\t<\/div>\n\t\t<\/div>\n\t\t\t\t\t\t\t\t<\/div>\n\t\t\t\t\t<\/div>\n\t\t<\/section>\n\t\t\t\t\t\t<\/div>\n\t\t\t\t\t<\/div>\n\t\t<\/div>\n\t\t\t\t\t\t\t\t<\/div>\n\t\t\t\t\t<\/div>\n\t\t<\/section>\n\t\t\t\t\t\t<\/div>\n\t\t\t\t\t\t<\/div>\n\t\t\t\t\t<\/div>\n\t\t","protected":false},"excerpt":{"rendered":"<p>CHARTE SOULS RIGHTS PROTECTION L&#8217;ong prend naissance en ses principes fondamentaux, que chaque membre ressentira au plus profond de son \u00eatre pour s&#8217;engager en son sein, et b\u00e9n\u00e9ficier de sa protection. Adh\u00e9rer \u00e0 &#8220;Souls Rights Protection&#8221; c&#8217;est adh\u00e9rer avant tout, aux valeurs suivantes: D\u00e9votion aux membres de l&#8217;ONG Actions d\u00e9sint\u00e9ress\u00e9es la protection Puret\u00e9 Charit\u00e9 Partage [&hellip;]<\/p>\n","protected":false},"author":1,"featured_media":0,"parent":0,"menu_order":0,"comment_status":"closed","ping_status":"closed","template":"elementor_header_footer","meta":[],"_links":{"self":[{"href":"https:\/\/francesca-costanza.com\/ong\/wp-json\/wp\/v2\/pages\/11448"}],"collection":[{"href":"https:\/\/francesca-costanza.com\/ong\/wp-json\/wp\/v2\/pages"}],"about":[{"href":"https:\/\/francesca-costanza.com\/ong\/wp-json\/wp\/v2\/types\/page"}],"author":[{"embeddable":true,"href":"https:\/\/francesca-costanza.com\/ong\/wp-json\/wp\/v2\/users\/1"}],"replies":[{"embeddable":true,"href":"https:\/\/francesca-costanza.com\/ong\/wp-json\/wp\/v2\/comments?post=11448"}],"version-history":[{"count":4,"href":"https:\/\/francesca-costanza.com\/ong\/wp-json\/wp\/v2\/pages\/11448\/revisions"}],"predecessor-version":[{"id":11465,"href":"https:\/\/francesca-costanza.com\/ong\/wp-json\/wp\/v2\/pages\/11448\/revisions\/11465"}],"wp:attachment":[{"href":"https:\/\/francesca-costanza.com\/ong\/wp-json\/wp\/v2\/media?parent=11448"}],"curies":[{"name":"wp","href":"https:\/\/api.w.org\/{rel}","templated":true}]}}