{"id":11523,"date":"2021-01-12T15:49:25","date_gmt":"2021-01-12T14:49:25","guid":{"rendered":"https:\/\/francesca-costanza.com\/ong\/?page_id=11523"},"modified":"2024-01-15T12:04:25","modified_gmt":"2024-01-15T11:04:25","slug":"offres-et-demandes","status":"publish","type":"page","link":"https:\/\/francesca-costanza.com\/ong\/offres-et-demandes\/","title":{"rendered":"OFFRES ET DEMANDES"},"content":{"rendered":"<p>Bonjour \u00e0 tous,<\/p>\n<p>Comme vous le savez, j&#8217;ai \u00e9t\u00e9 choisie pour que <strong>vous puissiez vous r\u00e9v\u00e9ler \u00e0 vous m\u00eame<\/strong>, et pour vous permettre d&#8217;intervenir et agir maintenant, pour <strong>le bien par le moyen de cette ONG.<\/strong><\/p>\n<p>Nous avons tous une destin\u00e9e, et avons \u00e9t\u00e9 envoy\u00e9s, pour aider \u00e0 l<strong>&#8216;\u00e9volution. <\/strong>Si vous sentez un appel au fond de votre \u00eatre a transcender le cours des \u00e9v\u00e8nements&#8230;C&#8217;est que vous \u00eates au bon endroit, au bon moment.<\/p>\n<p>Nous avons besoin de vous, de votre c\u0153ur, et vos comp\u00e9tences pour r\u00e9fl\u00e9chir \u00e0 une refonte du syst\u00e8me. Nous avons besoin d&#8217;interlocuteurs de confiance et experts. Nous avons besoin de vos lumi\u00e8res pour attirer &#8220;Le Bien&#8221; et l&#8217;incarner autour de nous.<\/p>\n<p>Arrive des temps difficiles, comme des temps de miracles, et ces miracles passeront par nous.<strong> Nous avons 10 ans pour tout refondre<\/strong>.<\/p>\n<p>Je demande et j&#8217;appelle dans chaque r\u00e9gion de France un repr\u00e9sentant de haut niveau toujours en activit\u00e9, et avec casier judiciaire vierge, pour \u0153uvrer ponctuellement avec charit\u00e9 :<\/p>\n<ul>\n<li>Juriste ou Avocat en droit du Travail, sant\u00e9, Famille, p\u00e9nal, des contrats, Fiscal<\/li>\n<li>Expert comptable<\/li>\n<li>Comptable sp\u00e9cialis\u00e9 en association<\/li>\n<li>Banque<\/li>\n<li>Assurance<\/li>\n<li>Elus de mairie, et haut fonctionnaire<\/li>\n<li>Journaliste<\/li>\n<li>Police\/ Gendarmerie\/ Arm\u00e9<\/li>\n<li>M\u00e9decin et m\u00e9decin chirurgien<\/li>\n<li>Anesth\u00e9siste R\u00e9animateur<\/li>\n<li>Gyn\u00e9cologue Obst\u00e9tricien<\/li>\n<li>Pharmacien<\/li>\n<li>Radiologue<\/li>\n<li>Infirmier de bloc<\/li>\n<li>infirmier<\/li>\n<li>Sage Femme<\/li>\n<li>V\u00e9t\u00e9rinaire<\/li>\n<li>Psychologue<\/li>\n<li>Psychiatre<\/li>\n<li>Psychomotricien<\/li>\n<li>Kin\u00e9sith\u00e9rapeute ost\u00e9opathe<\/li>\n<li>Enseignants lyc\u00e9e-coll\u00e8ge\/ Primaire\/ Maternelle<\/li>\n<li>Agriculteur (Fruits-l\u00e9gumes en priorit\u00e9)<\/li>\n<li>Propri\u00e9taire de Terre Agricole avec Hangar<\/li>\n<li>Guide de hautes montagnes<\/li>\n<li>Sp\u00e9cialiste en survie<\/li>\n<li>Propri\u00e9taire de centre \u00e9questre<\/li>\n<li>Restaurateur<\/li>\n<li>H\u00f4telier<\/li>\n<li>Boulanger<\/li>\n<li>Garagiste<\/li>\n<li>Propri\u00e9taire de stocks de mat\u00e9riels de &#8220;B\u00e2timents&#8221;<\/li>\n<li>Electricien<\/li>\n<li>Plombier-chauffagiste<\/li>\n<li>Ma\u00e7on<\/li>\n<li>Ing\u00e9nieur<\/li>\n<li>Architecte<\/li>\n<li>Couturier<\/li>\n<li>Sp\u00e9cialiste des r\u00e9seaux internet et programmateur web<\/li>\n<li>D\u00e9tenteur de ligne Radio FM<\/li>\n<li>Artiste renomm\u00e9<\/li>\n<li>Ecrivain renomm\u00e9<\/li>\n<li>et toutes les personnes de bonnes volont\u00e9s fortes d&#8217;Esprit et de coeur.<\/li>\n<\/ul>\n<p>Affectueusement,<\/p>\n<p>Votre Bien D\u00e9vou\u00e9e.<\/p>\n<p>Francesca<\/p>\n<p>&nbsp;<\/p>\n","protected":false},"excerpt":{"rendered":"<p>Bonjour \u00e0 tous, Comme vous le savez, j&#8217;ai \u00e9t\u00e9 choisie pour que vous puissiez vous r\u00e9v\u00e9ler \u00e0 vous m\u00eame, et pour vous permettre d&#8217;intervenir et agir maintenant, pour le bien par le moyen de cette ONG. Nous avons tous une destin\u00e9e, et avons \u00e9t\u00e9 envoy\u00e9s, pour aider \u00e0 l&#8216;\u00e9volution. Si vous sentez un appel au [&hellip;]<\/p>\n","protected":false},"author":3,"featured_media":0,"parent":0,"menu_order":0,"comment_status":"closed","ping_status":"closed","template":"","meta":[],"_links":{"self":[{"href":"https:\/\/francesca-costanza.com\/ong\/wp-json\/wp\/v2\/pages\/11523"}],"collection":[{"href":"https:\/\/francesca-costanza.com\/ong\/wp-json\/wp\/v2\/pages"}],"about":[{"href":"https:\/\/francesca-costanza.com\/ong\/wp-json\/wp\/v2\/types\/page"}],"author":[{"embeddable":true,"href":"https:\/\/francesca-costanza.com\/ong\/wp-json\/wp\/v2\/users\/3"}],"replies":[{"embeddable":true,"href":"https:\/\/francesca-costanza.com\/ong\/wp-json\/wp\/v2\/comments?post=11523"}],"version-history":[{"count":5,"href":"https:\/\/francesca-costanza.com\/ong\/wp-json\/wp\/v2\/pages\/11523\/revisions"}],"predecessor-version":[{"id":11578,"href":"https:\/\/francesca-costanza.com\/ong\/wp-json\/wp\/v2\/pages\/11523\/revisions\/11578"}],"wp:attachment":[{"href":"https:\/\/francesca-costanza.com\/ong\/wp-json\/wp\/v2\/media?parent=11523"}],"curies":[{"name":"wp","href":"https:\/\/api.w.org\/{rel}","templated":true}]}}