{"id":10695,"date":"2019-11-19T17:57:47","date_gmt":"2019-11-19T16:57:47","guid":{"rendered":"https:\/\/francesca-costanza.com\/ong\/?post_type=product&#038;p=10695"},"modified":"2021-12-12T11:05:10","modified_gmt":"2021-12-12T10:05:10","slug":"ong-souls-rights-protection","status":"publish","type":"product","link":"https:\/\/francesca-costanza.com\/ong\/produit\/ong-souls-rights-protection\/","title":{"rendered":"Adh\u00e9sion \u00e0 l&#8217;ONG \u00ab Souls Rights Protection \u00bb"},"content":{"rendered":"<p>L\u2019Organisation internationale pour la protection des droits de l\u2019\u00c2me et de la Conscience, est une association loi 1901 \u00e0 but non lucratif.<\/p>\n<p>Devenir membre de l\u2019ong c\u2019est s\u2019autoriser \u00e0 ne plus \u00eatre seul et croire qu\u2019ensemble tout peut changer. La cotisation annuelle est de 15 Euros. Elle permet d\u2019acc\u00e9der au groupe, de b\u00e9n\u00e9ficier du forum et des conseils donn\u00e9s en web radios. L\u2019ong propose <a href=\"https:\/\/francesca-costanza.com\/ong-2\/\" target=\"_blank\" rel=\"noopener noreferrer\">(voir la charte):<\/a><\/p>\n","protected":false},"excerpt":{"rendered":"<p>L\u2019Organisation internationale pour la protection des droits de l\u2019\u00c2me et de la Conscience, est une association loi 1901 \u00e0 but non lucratif.<\/p>\n<p>Devenir membre de l\u2019ong c\u2019est s\u2019autoriser \u00e0 ne plus \u00eatre seul et croire qu\u2019ensemble tout peut changer. La cotisation annuelle est de 15 Euros. Elle permet d\u2019acc\u00e9der au groupe, de b\u00e9n\u00e9ficier du forum et des conseils donn\u00e9s en web radios. L\u2019ong propose <a href=\"https:\/\/francesca-costanza.com\/ong-2\/\" target=\"_blank\" rel=\"noopener noreferrer\">(voir la charte):<\/a><\/p>\n","protected":false},"featured_media":10513,"comment_status":"open","ping_status":"closed","template":"","meta":[],"_links":{"self":[{"href":"https:\/\/francesca-costanza.com\/ong\/wp-json\/wp\/v2\/product\/10695"}],"collection":[{"href":"https:\/\/francesca-costanza.com\/ong\/wp-json\/wp\/v2\/product"}],"about":[{"href":"https:\/\/francesca-costanza.com\/ong\/wp-json\/wp\/v2\/types\/product"}],"replies":[{"embeddable":true,"href":"https:\/\/francesca-costanza.com\/ong\/wp-json\/wp\/v2\/comments?post=10695"}],"wp:featuredmedia":[{"embeddable":true,"href":"https:\/\/francesca-costanza.com\/ong\/wp-json\/wp\/v2\/media\/10513"}],"wp:attachment":[{"href":"https:\/\/francesca-costanza.com\/ong\/wp-json\/wp\/v2\/media?parent=10695"}],"curies":[{"name":"wp","href":"https:\/\/api.w.org\/{rel}","templated":true}]}}